{"id":956,"date":"2025-10-27T10:29:46","date_gmt":"2025-10-27T10:29:46","guid":{"rendered":"https:\/\/uphostel.com\/habitacion-hostel-valencia\/"},"modified":"2025-11-10T15:22:42","modified_gmt":"2025-11-10T15:22:42","slug":"hostel-room-valencia","status":"publish","type":"page","link":"https:\/\/uphostel.com\/en\/hostel-room-valencia\/","title":{"rendered":"Rooms"},"content":{"rendered":"\n\t<section class=\"section\" id=\"section_661122780\">\n\t\t<div class=\"section-bg fill\" >\n\t\t\t\t\t\t\t\t\t\n\t\t\t\n\n\t\t<\/div>\n\n\t\t\n\n\t\t<div class=\"section-content relative\">\n\t\t\t\n\t<div id=\"gap-1664220981\" class=\"gap-element clearfix\" style=\"display:block; height:auto;\">\n\t\t\n<style>\n#gap-1664220981 {\n  padding-top: 100px;\n}\n@media (min-width:850px) {\n  #gap-1664220981 {\n    padding-top: 100px;\n  }\n}\n<\/style>\n\t<\/div>\n\t\n<div class=\"row align-bottom\"  id=\"row-980731111\">\n\n\t<div id=\"col-2112233575\" class=\"col medium-7 small-12 large-7\"  >\n\t\t\t\t<div class=\"col-inner\"  >\n\t\t\t\n\t\t\t\n\t<div id=\"text-1589414995\" class=\"text uppercase doubled-font fw-900\">\n\t\t\n<h1 data-animate=\"fadeIn\">Find your accommodation<\/h1>\n\t\t\n<style>\n#text-1589414995 {\n  font-size: 1.5rem;\n  line-height: 1.1;\n  color: #15145c;\n}\n#text-1589414995 > * {\n  color: #15145c;\n}\n@media (min-width:550px) {\n  #text-1589414995 {\n    font-size: 2rem;\n  }\n}\n@media (min-width:850px) {\n  #text-1589414995 {\n    font-size: 2.25rem;\n  }\n}\n<\/style>\n\t<\/div>\n\t\n\t<div id=\"text-2785571101\" class=\"text fw-300\">\n\t\t\n<p>At Up! Hostel, we offer two types of rooms so you can choose the one that best suits your needs: girls&#8217; rooms and mixed rooms. All rooms are equipped with bunk beds and located in spaces designed to offer you a unique and special atmosphere.<\/p>\n\t\t\n<style>\n#text-2785571101 {\n  font-size: 1.125rem;\n  line-height: 1.4;\n  color: #15145c;\n}\n#text-2785571101 > * {\n  color: #15145c;\n}\n@media (min-width:550px) {\n  #text-2785571101 {\n    font-size: 1.25rem;\n    line-height: 1.4;\n  }\n}\n<\/style>\n\t<\/div>\n\t\n\t\t<\/div>\n\t\t\t\t\t<\/div>\n\n\t\n\n\t<div id=\"col-83447129\" class=\"col hide-for-small medium-5 small-12 large-5\"  >\n\t\t\t\t<div class=\"col-inner text-right\"  >\n\t\t\t\n\t\t\t\n\t\t<\/div>\n\t\t\t\t\t<\/div>\n\n\t\n<\/div>\n\t<div id=\"gap-2010513244\" class=\"gap-element clearfix\" style=\"display:block; height:auto;\">\n\t\t\n<style>\n#gap-2010513244 {\n  padding-top: 30px;\n}\n@media (min-width:550px) {\n  #gap-2010513244 {\n    padding-top: 100px;\n  }\n}\n@media (min-width:850px) {\n  #gap-2010513244 {\n    padding-top: 70px;\n  }\n}\n<\/style>\n\t<\/div>\n\t\n<div class=\"row\"  id=\"row-1227143866\">\n\n\t<div id=\"col-2033911102\" class=\"col medium-10 small-12 large-6\"  >\n\t\t\t\t<div class=\"col-inner\"  >\n\t\t\t\n\t\t\t\n\t<div class=\"img has-hover x md-x lg-x y md-y lg-y\" id=\"image_1667531032\">\n\t\t\t\t\t\t<div data-animate=\"fadeInLeft\">\t\t<div class=\"img-inner dark\" >\n\t\t\t<img loading=\"lazy\" decoding=\"async\" width=\"900\" height=\"544\" src=\"https:\/\/uphostel.com\/wp-content\/uploads\/2025\/10\/habitacion-mixta.jpg\" class=\"attachment-original size-original\" alt=\"habitaci\u00f3n hostel valencia\" srcset=\"https:\/\/uphostel.com\/wp-content\/uploads\/2025\/10\/habitacion-mixta.jpg 900w, https:\/\/uphostel.com\/wp-content\/uploads\/2025\/10\/habitacion-mixta-300x181.jpg 300w, https:\/\/uphostel.com\/wp-content\/uploads\/2025\/10\/habitacion-mixta-768x464.jpg 768w\" sizes=\"auto, (max-width: 900px) 100vw, 900px\" \/>\t\t\t\t\t\t\n\t\t\t\t\t<\/div>\n\t\t<\/div>\t\t\t\t\t\t\n<style>\n#image_1667531032 {\n  width: 100%;\n}\n<\/style>\n\t<\/div>\n\t\n\t\t<\/div>\n\t\t\t\t\t<\/div>\n\n\t\n\n\t<div id=\"col-1120737498\" class=\"col medium-12 small-12 large-6\"  >\n\t\t\t\t<div class=\"col-inner\"  >\n\t\t\t\n\t\t\t\n\t<div id=\"text-3386636816\" class=\"text uppercase fw-900\">\n\t\t\n<h2 data-animate=\"fadeIn\">mixed room<\/h2>\n\t\t\n<style>\n#text-3386636816 {\n  font-size: 2rem;\n  line-height: 1.1;\n  color: #15145c;\n}\n#text-3386636816 > * {\n  color: #15145c;\n}\n@media (min-width:550px) {\n  #text-3386636816 {\n    font-size: 2rem;\n  }\n}\n@media (min-width:850px) {\n  #text-3386636816 {\n    font-size: 3rem;\n  }\n}\n<\/style>\n\t<\/div>\n\t\n\t<div id=\"text-4129588358\" class=\"text fw-300 balance\">\n\t\t\n<p>Shared room for both men and women, with 4 or 8 bunk beds (8 or 16 people). All beds have bedding, individual power sockets, wall shelves, individual curtains and lockers for luggage.<\/p>\n\t\t\n<style>\n#text-4129588358 {\n  font-size: 1.125rem;\n  line-height: 1.4;\n  color: #15145c;\n}\n#text-4129588358 > * {\n  color: #15145c;\n}\n@media (min-width:550px) {\n  #text-4129588358 {\n    font-size: 1.25rem;\n    line-height: 1.4;\n  }\n}\n<\/style>\n\t<\/div>\n\t\n\t<div id=\"gap-1373662470\" class=\"gap-element clearfix\" style=\"display:block; height:auto;\">\n\t\t\n<style>\n#gap-1373662470 {\n  padding-top: 20px;\n}\n<\/style>\n\t<\/div>\n\t\n\t<div id=\"text-809643035\" class=\"text uppercase\">\n\t\t\n<h3>Services<\/h3>\n\t\t\n<style>\n#text-809643035 {\n  font-size: 1.25rem;\n  color: #15145c;\n}\n#text-809643035 > * {\n  color: #15145c;\n}\n@media (min-width:550px) {\n  #text-809643035 {\n    font-size: 2rem;\n  }\n}\n@media (min-width:850px) {\n  #text-809643035 {\n    font-size: 1.5rem;\n  }\n}\n<\/style>\n\t<\/div>\n\t\n\t<div id=\"gap-1890001274\" class=\"gap-element clearfix\" style=\"display:block; height:auto;\">\n\t\t\n<style>\n#gap-1890001274 {\n  padding-top: 15px;\n}\n<\/style>\n\t<\/div>\n\t\n\t<div id=\"text-4169103576\" class=\"text servicios-habitacion condensed-font fw-700 uppercase\">\n\t\t\n<ul>\n<li><img decoding=\"async\" src=\"https:\/\/uphostel.com\/wp-content\/uploads\/2025\/10\/wifi-gratis.svg\" alt=\"Wifi\" \/>free Wi-Fi<\/li>\n<li><img decoding=\"async\" src=\"https:\/\/uphostel.com\/wp-content\/uploads\/2025\/10\/bano-compartido.svg\" alt=\"Ba\u00f1o\" \/>Shared Bathroom<\/li>\n<li><img decoding=\"async\" src=\"https:\/\/uphostel.com\/wp-content\/uploads\/2025\/10\/jabon-en-las-duchas.svg\" alt=\"Jab\u00f3n\" \/>Soap in the Showers<\/li>\n<li><img decoding=\"async\" src=\"https:\/\/uphostel.com\/wp-content\/uploads\/2025\/10\/ropa-de-cama.svg\" alt=\"Ropa\" \/>Bedding<\/li>\n<li><img decoding=\"async\" src=\"https:\/\/uphostel.com\/wp-content\/uploads\/2025\/10\/toallas-disponibles.svg\" alt=\"Toallas\" \/>Towels available on request<\/li>\n<\/ul>\n\t\t\n<style>\n#text-4169103576 {\n  font-size: 1.125rem;\n}\n@media (min-width:550px) {\n  #text-4169103576 {\n    font-size: 1.25rem;\n  }\n}\n@media (min-width:850px) {\n  #text-4169103576 {\n    font-size: 1.5rem;\n  }\n}\n<\/style>\n\t<\/div>\n\t\n\t<div id=\"gap-417325414\" class=\"gap-element clearfix\" style=\"display:block; height:auto;\">\n\t\t\n<style>\n#gap-417325414 {\n  padding-top: 40px;\n}\n<\/style>\n\t<\/div>\n\t\n<a href=\"https:\/\/hotels.cloudbeds.com\/en\/reservation\/lx5u4X\" target=\"_blank\" class=\"button secondary is-outline has-icon icon-left\" rel=\"noopener\" >\n\t\t<span>book<\/span>\n\t<\/a>\n\n\t\t<\/div>\n\t\t\t\t\n<style>\n#col-1120737498 > .col-inner {\n  padding: 0px 0px 0px 0px;\n}\n@media (min-width:850px) {\n  #col-1120737498 > .col-inner {\n    padding: 0px 0px 0px 15px;\n  }\n}\n<\/style>\n\t<\/div>\n\n\t\n<\/div>\n\t<div id=\"gap-1545788225\" class=\"gap-element clearfix\" style=\"display:block; height:auto;\">\n\t\t\n<style>\n#gap-1545788225 {\n  padding-top: 40px;\n}\n@media (min-width:550px) {\n  #gap-1545788225 {\n    padding-top: 70px;\n  }\n}\n@media (min-width:850px) {\n  #gap-1545788225 {\n    padding-top: 100px;\n  }\n}\n<\/style>\n\t<\/div>\n\t\n<div class=\"row\"  id=\"row-1505703497\">\n\n\t<div id=\"col-1483137773\" class=\"col medium-10 small-12 large-6\"  >\n\t\t\t\t<div class=\"col-inner\"  >\n\t\t\t\n\t\t\t\n\t<div class=\"img has-hover x md-x lg-x y md-y lg-y\" id=\"image_1095880912\">\n\t\t\t\t\t\t<div data-animate=\"fadeInLeft\">\t\t<div class=\"img-inner dark\" >\n\t\t\t<img loading=\"lazy\" decoding=\"async\" width=\"900\" height=\"544\" src=\"https:\/\/uphostel.com\/wp-content\/uploads\/2025\/10\/habitacion-chicas.jpg\" class=\"attachment-original size-original\" alt=\"youth hostel valencia\" srcset=\"https:\/\/uphostel.com\/wp-content\/uploads\/2025\/10\/habitacion-chicas.jpg 900w, https:\/\/uphostel.com\/wp-content\/uploads\/2025\/10\/habitacion-chicas-300x181.jpg 300w, https:\/\/uphostel.com\/wp-content\/uploads\/2025\/10\/habitacion-chicas-768x464.jpg 768w\" sizes=\"auto, (max-width: 900px) 100vw, 900px\" \/>\t\t\t\t\t\t\n\t\t\t\t\t<\/div>\n\t\t<\/div>\t\t\t\t\t\t\n<style>\n#image_1095880912 {\n  width: 100%;\n}\n<\/style>\n\t<\/div>\n\t\n\t\t<\/div>\n\t\t\t\t\t<\/div>\n\n\t\n\n\t<div id=\"col-1880678984\" class=\"col medium-10 small-12 large-6\"  >\n\t\t\t\t<div class=\"col-inner\"  >\n\t\t\t\n\t\t\t\n\t<div id=\"text-1069304282\" class=\"text uppercase fw-900\">\n\t\t\n<h2 data-animate=\"fadeIn\">girls&#8217; room<\/h2>\n\t\t\n<style>\n#text-1069304282 {\n  font-size: 1.5rem;\n  line-height: 1.1;\n  color: #15145c;\n}\n#text-1069304282 > * {\n  color: #15145c;\n}\n@media (min-width:550px) {\n  #text-1069304282 {\n    font-size: 2rem;\n  }\n}\n@media (min-width:850px) {\n  #text-1069304282 {\n    font-size: 3rem;\n  }\n}\n<\/style>\n\t<\/div>\n\t\n\t<div id=\"text-441152485\" class=\"text fw-300 balance\">\n\t\t\n<p>Shared room for both men and women, with 4 or 8 bunk beds (8 or 16 people). All beds have bedding, individual power sockets, wall shelves, individual curtains and lockers for luggage.<\/p>\n\t\t\n<style>\n#text-441152485 {\n  font-size: 1.125rem;\n  line-height: 1.4;\n  color: #15145c;\n}\n#text-441152485 > * {\n  color: #15145c;\n}\n@media (min-width:550px) {\n  #text-441152485 {\n    font-size: 1.25rem;\n    line-height: 1.4;\n  }\n}\n<\/style>\n\t<\/div>\n\t\n\t<div id=\"gap-32778941\" class=\"gap-element clearfix\" style=\"display:block; height:auto;\">\n\t\t\n<style>\n#gap-32778941 {\n  padding-top: 20px;\n}\n<\/style>\n\t<\/div>\n\t\n\t<div id=\"text-468602224\" class=\"text uppercase\">\n\t\t\n<h3>Services<\/h3>\n\t\t\n<style>\n#text-468602224 {\n  font-size: 1.5rem;\n  color: #15145c;\n}\n#text-468602224 > * {\n  color: #15145c;\n}\n@media (min-width:550px) {\n  #text-468602224 {\n    font-size: 2rem;\n  }\n}\n@media (min-width:850px) {\n  #text-468602224 {\n    font-size: 1.5rem;\n  }\n}\n<\/style>\n\t<\/div>\n\t\n\t<div id=\"gap-1709307350\" class=\"gap-element clearfix\" style=\"display:block; height:auto;\">\n\t\t\n<style>\n#gap-1709307350 {\n  padding-top: 15px;\n}\n<\/style>\n\t<\/div>\n\t\n\t<div id=\"text-15844866\" class=\"text servicios-habitacion condensed-font fw-700 uppercase\">\n\t\t\n<ul>\n<li><img decoding=\"async\" src=\"https:\/\/uphostel.com\/wp-content\/uploads\/2025\/10\/wifi-gratis.svg\" alt=\"Wifi\" \/>free Wi-Fi<\/li>\n<li><img decoding=\"async\" src=\"https:\/\/uphostel.com\/wp-content\/uploads\/2025\/10\/bano-compartido.svg\" alt=\"Ba\u00f1o\" \/>Shared Bathroom<\/li>\n<li><img decoding=\"async\" src=\"https:\/\/uphostel.com\/wp-content\/uploads\/2025\/10\/jabon-en-las-duchas.svg\" alt=\"Jab\u00f3n\" \/>Soap in the Showers<\/li>\n<li><img decoding=\"async\" src=\"https:\/\/uphostel.com\/wp-content\/uploads\/2025\/10\/ropa-de-cama.svg\" alt=\"Ropa\" \/>Bedding<\/li>\n<li><img decoding=\"async\" src=\"https:\/\/uphostel.com\/wp-content\/uploads\/2025\/10\/toallas-disponibles.svg\" alt=\"Toallas\" \/>Towels available on request<\/li>\n<\/ul>\n\t\t\n<style>\n#text-15844866 {\n  font-size: 1.5rem;\n}\n<\/style>\n\t<\/div>\n\t\n\t<div id=\"gap-628139755\" class=\"gap-element clearfix\" style=\"display:block; height:auto;\">\n\t\t\n<style>\n#gap-628139755 {\n  padding-top: 40px;\n}\n<\/style>\n\t<\/div>\n\t\n<a href=\"https:\/\/hotels.cloudbeds.com\/en\/reservation\/lx5u4X\" class=\"button secondary is-outline has-icon icon-left\" >\n\t\t<span>book<\/span>\n\t<\/a>\n\n\t\t<\/div>\n\t\t\t\t\n<style>\n#col-1880678984 > .col-inner {\n  padding: 0px 0px 0px 0px;\n}\n@media (min-width:850px) {\n  #col-1880678984 > .col-inner {\n    padding: 0px 0px 0px 15px;\n  }\n}\n<\/style>\n\t<\/div>\n\n\t\n<\/div>\n\t<div id=\"gap-479424977\" class=\"gap-element clearfix\" style=\"display:block; height:auto;\">\n\t\t\n<style>\n#gap-479424977 {\n  padding-top: 50px;\n}\n@media (min-width:550px) {\n  #gap-479424977 {\n    padding-top: 90px;\n  }\n}\n<\/style>\n\t<\/div>\n\t\n\t\t<\/div>\n\n\t\t\n<style>\n#section_661122780 {\n  padding-top: 0px;\n  padding-bottom: 0px;\n}\n<\/style>\n\t<\/section>\n\t\n\n\t<section class=\"section\" id=\"section_385084162\">\n\t\t<div class=\"section-bg fill\" >\n\t\t\t\t\t\t\t\t\t\n\t\t\t\n\n\t\t<\/div>\n\n\t\t\n\n\t\t<div class=\"section-content relative\">\n\t\t\t\n\n\t<div id=\"text-558624814\" class=\"text txt-m-0 doubled-font marquee-text\">\n\t\t\n\n<ul>\n<li>FIND US<\/li>\n<li>FIND US<\/li>\n<li>FIND US<\/li>\n<li>FIND US<\/li>\n<li>FIND US<\/li>\n<li>FIND US<\/li>\n<li>FIND US<\/li>\n<li>FIND US<\/li>\n<li>FIND US<\/li>\n<li>FIND US<\/li>\n<li>FIND US<\/li>\n<li>FIND US<\/li>\n<li>FIND US<\/li>\n<li>FIND US<\/li>\n<li>FIND US<\/li>\n<li>FIND US<\/li>\n<li>FIND US<\/li>\n<li>FIND US<\/li>\n<\/ul>\n\n\t\t\n<style>\n#text-558624814 {\n  font-size: 1.75rem;\n  line-height: 1;\n}\n@media (min-width:550px) {\n  #text-558624814 {\n    font-size: 2.5rem;\n  }\n}\n@media (min-width:850px) {\n  #text-558624814 {\n    font-size: 3rem;\n  }\n}\n<\/style>\n\t<\/div>\n\t\n\n\t\t<\/div>\n\n\t\t\n<style>\n#section_385084162 {\n  padding-top: 25px;\n  padding-bottom: 25px;\n  background-color: rgb(121, 206, 201);\n}\n@media (min-width:550px) {\n  #section_385084162 {\n    padding-top: 43px;\n    padding-bottom: 43px;\n  }\n}\n<\/style>\n\t<\/section>\n\t\n\n\t<section class=\"section map-section\" id=\"section_1661041065\">\n\t\t<div class=\"section-bg fill\" >\n\t\t\t\t\t\t\t\t\t\n\t\t\t\n\n\t\t<\/div>\n\n\t\t\n\n\t\t<div class=\"section-content relative\">\n\t\t\t\n\n\n\n<iframe src=\"https:\/\/www.google.com\/maps\/embed?pb=!1m18!1m12!1m3!1d3080.17452881956!2d-0.38063632348614834!3d39.46538571299045!2m3!1f0!2f0!3f0!3m2!1i1024!2i768!4f13.1!3m3!1m2!1s0xd604f4a79e514ed%3A0x19b926ce41b28582!2sUP*21%20Hostel!5e0!3m2!1ses!2ses!4v1756977065589!5m2!1ses!2ses\" width=\"600\" height=\"450\" style=\"border:0;\" allowfullscreen=\"\" loading=\"lazy\" referrerpolicy=\"no-referrer-when-downgrade\"><\/iframe>\n\n\n\t\t<\/div>\n\n\t\t\n<style>\n#section_1661041065 {\n  padding-top: 0px;\n  padding-bottom: 0px;\n}\n<\/style>\n\t<\/section>\n\t\n","protected":false},"excerpt":{"rendered":"","protected":false},"author":1,"featured_media":952,"parent":0,"menu_order":0,"comment_status":"closed","ping_status":"closed","template":"","meta":{"footnotes":""},"class_list":["post-956","page","type-page","status-publish","has-post-thumbnail","hentry"],"yoast_head":"<!-- This site is optimized with the Yoast SEO plugin v27.0 - https:\/\/yoast.com\/product\/yoast-seo-wordpress\/ -->\n<title>Hostel Room in Valencia | Up Hostel<\/title>\n<meta name=\"description\" content=\"Find your hostel room in Valencia. Mixed and female-only rooms, equipped with everything you need for your comfort and rest.\" \/>\n<meta name=\"robots\" content=\"index, follow, max-snippet:-1, max-image-preview:large, max-video-preview:-1\" \/>\n<link rel=\"canonical\" href=\"https:\/\/uphostel.com\/en\/hostel-room-valencia\/\" \/>\n<meta property=\"og:locale\" content=\"en_GB\" \/>\n<meta property=\"og:type\" content=\"article\" \/>\n<meta property=\"og:title\" content=\"Hostel Room in Valencia | Up Hostel\" \/>\n<meta property=\"og:description\" content=\"Find your hostel room in Valencia. Mixed and female-only rooms, equipped with everything you need for your comfort and rest.\" \/>\n<meta property=\"og:url\" content=\"https:\/\/uphostel.com\/en\/hostel-room-valencia\/\" \/>\n<meta property=\"og:site_name\" content=\"UpHostel\" \/>\n<meta property=\"article:modified_time\" content=\"2025-11-10T15:22:42+00:00\" \/>\n<meta property=\"og:image\" content=\"https:\/\/uphostel.com\/wp-content\/uploads\/2025\/10\/habitacion-mixta.jpg\" \/>\n\t<meta property=\"og:image:width\" content=\"900\" \/>\n\t<meta property=\"og:image:height\" content=\"544\" \/>\n\t<meta property=\"og:image:type\" content=\"image\/jpeg\" \/>\n<meta name=\"twitter:card\" content=\"summary_large_image\" \/>\n<meta name=\"twitter:label1\" content=\"Estimated reading time\" \/>\n\t<meta name=\"twitter:data1\" content=\"4 minutes\" \/>\n<script type=\"application\/ld+json\" class=\"yoast-schema-graph\">{\"@context\":\"https:\/\/schema.org\",\"@graph\":[{\"@type\":\"WebPage\",\"@id\":\"https:\/\/uphostel.com\/en\/hostel-room-valencia\/\",\"url\":\"https:\/\/uphostel.com\/en\/hostel-room-valencia\/\",\"name\":\"Hostel Room in Valencia | Up Hostel\",\"isPartOf\":{\"@id\":\"https:\/\/uphostel.com\/#website\"},\"primaryImageOfPage\":{\"@id\":\"https:\/\/uphostel.com\/en\/hostel-room-valencia\/#primaryimage\"},\"image\":{\"@id\":\"https:\/\/uphostel.com\/en\/hostel-room-valencia\/#primaryimage\"},\"thumbnailUrl\":\"https:\/\/uphostel.com\/wp-content\/uploads\/2025\/10\/habitacion-mixta.jpg\",\"datePublished\":\"2025-10-27T10:29:46+00:00\",\"dateModified\":\"2025-11-10T15:22:42+00:00\",\"description\":\"Find your hostel room in Valencia. Mixed and female-only rooms, equipped with everything you need for your comfort and rest.\",\"breadcrumb\":{\"@id\":\"https:\/\/uphostel.com\/en\/hostel-room-valencia\/#breadcrumb\"},\"inLanguage\":\"en-GB\",\"potentialAction\":[{\"@type\":\"ReadAction\",\"target\":[\"https:\/\/uphostel.com\/en\/hostel-room-valencia\/\"]}]},{\"@type\":\"ImageObject\",\"inLanguage\":\"en-GB\",\"@id\":\"https:\/\/uphostel.com\/en\/hostel-room-valencia\/#primaryimage\",\"url\":\"https:\/\/uphostel.com\/wp-content\/uploads\/2025\/10\/habitacion-mixta.jpg\",\"contentUrl\":\"https:\/\/uphostel.com\/wp-content\/uploads\/2025\/10\/habitacion-mixta.jpg\",\"width\":900,\"height\":544,\"caption\":\"habitaci\u00f3n hostel valencia\"},{\"@type\":\"BreadcrumbList\",\"@id\":\"https:\/\/uphostel.com\/en\/hostel-room-valencia\/#breadcrumb\",\"itemListElement\":[{\"@type\":\"ListItem\",\"position\":1,\"name\":\"Portada\",\"item\":\"https:\/\/uphostel.com\/en\/\"},{\"@type\":\"ListItem\",\"position\":2,\"name\":\"Rooms\"}]},{\"@type\":\"WebSite\",\"@id\":\"https:\/\/uphostel.com\/#website\",\"url\":\"https:\/\/uphostel.com\/\",\"name\":\"Up Hostel Valencia\",\"description\":\"Vive Valencia al m\u00e1ximo en UP! Hostel, un youth hostel en Valencia con la mejor ubicaci\u00f3n, ambiente \u00fanico y todas las comodidades para viajeros.\",\"publisher\":{\"@id\":\"https:\/\/uphostel.com\/#organization\"},\"alternateName\":\"Up Hostel\",\"potentialAction\":[{\"@type\":\"SearchAction\",\"target\":{\"@type\":\"EntryPoint\",\"urlTemplate\":\"https:\/\/uphostel.com\/?s={search_term_string}\"},\"query-input\":{\"@type\":\"PropertyValueSpecification\",\"valueRequired\":true,\"valueName\":\"search_term_string\"}}],\"inLanguage\":\"en-GB\"},{\"@type\":\"Organization\",\"@id\":\"https:\/\/uphostel.com\/#organization\",\"name\":\"Up Hostel Valencia\",\"alternateName\":\"Up Hostel\",\"url\":\"https:\/\/uphostel.com\/\",\"logo\":{\"@type\":\"ImageObject\",\"inLanguage\":\"en-GB\",\"@id\":\"https:\/\/uphostel.com\/#\/schema\/logo\/image\/\",\"url\":\"https:\/\/uphostel.com\/wp-content\/uploads\/2025\/10\/logo-nav-bar.svg\",\"contentUrl\":\"https:\/\/uphostel.com\/wp-content\/uploads\/2025\/10\/logo-nav-bar.svg\",\"width\":1,\"height\":1,\"caption\":\"Up Hostel Valencia\"},\"image\":{\"@id\":\"https:\/\/uphostel.com\/#\/schema\/logo\/image\/\"}}]}<\/script>\n<!-- \/ Yoast SEO plugin. -->","yoast_head_json":{"title":"Hostel Room in Valencia | Up Hostel","description":"Find your hostel room in Valencia. Mixed and female-only rooms, equipped with everything you need for your comfort and rest.","robots":{"index":"index","follow":"follow","max-snippet":"max-snippet:-1","max-image-preview":"max-image-preview:large","max-video-preview":"max-video-preview:-1"},"canonical":"https:\/\/uphostel.com\/en\/hostel-room-valencia\/","og_locale":"en_GB","og_type":"article","og_title":"Hostel Room in Valencia | Up Hostel","og_description":"Find your hostel room in Valencia. Mixed and female-only rooms, equipped with everything you need for your comfort and rest.","og_url":"https:\/\/uphostel.com\/en\/hostel-room-valencia\/","og_site_name":"UpHostel","article_modified_time":"2025-11-10T15:22:42+00:00","og_image":[{"width":900,"height":544,"url":"https:\/\/uphostel.com\/wp-content\/uploads\/2025\/10\/habitacion-mixta.jpg","type":"image\/jpeg"}],"twitter_card":"summary_large_image","twitter_misc":{"Estimated reading time":"4 minutes"},"schema":{"@context":"https:\/\/schema.org","@graph":[{"@type":"WebPage","@id":"https:\/\/uphostel.com\/en\/hostel-room-valencia\/","url":"https:\/\/uphostel.com\/en\/hostel-room-valencia\/","name":"Hostel Room in Valencia | Up Hostel","isPartOf":{"@id":"https:\/\/uphostel.com\/#website"},"primaryImageOfPage":{"@id":"https:\/\/uphostel.com\/en\/hostel-room-valencia\/#primaryimage"},"image":{"@id":"https:\/\/uphostel.com\/en\/hostel-room-valencia\/#primaryimage"},"thumbnailUrl":"https:\/\/uphostel.com\/wp-content\/uploads\/2025\/10\/habitacion-mixta.jpg","datePublished":"2025-10-27T10:29:46+00:00","dateModified":"2025-11-10T15:22:42+00:00","description":"Find your hostel room in Valencia. Mixed and female-only rooms, equipped with everything you need for your comfort and rest.","breadcrumb":{"@id":"https:\/\/uphostel.com\/en\/hostel-room-valencia\/#breadcrumb"},"inLanguage":"en-GB","potentialAction":[{"@type":"ReadAction","target":["https:\/\/uphostel.com\/en\/hostel-room-valencia\/"]}]},{"@type":"ImageObject","inLanguage":"en-GB","@id":"https:\/\/uphostel.com\/en\/hostel-room-valencia\/#primaryimage","url":"https:\/\/uphostel.com\/wp-content\/uploads\/2025\/10\/habitacion-mixta.jpg","contentUrl":"https:\/\/uphostel.com\/wp-content\/uploads\/2025\/10\/habitacion-mixta.jpg","width":900,"height":544,"caption":"habitaci\u00f3n hostel valencia"},{"@type":"BreadcrumbList","@id":"https:\/\/uphostel.com\/en\/hostel-room-valencia\/#breadcrumb","itemListElement":[{"@type":"ListItem","position":1,"name":"Portada","item":"https:\/\/uphostel.com\/en\/"},{"@type":"ListItem","position":2,"name":"Rooms"}]},{"@type":"WebSite","@id":"https:\/\/uphostel.com\/#website","url":"https:\/\/uphostel.com\/","name":"Up Hostel Valencia","description":"Vive Valencia al m\u00e1ximo en UP! Hostel, un youth hostel en Valencia con la mejor ubicaci\u00f3n, ambiente \u00fanico y todas las comodidades para viajeros.","publisher":{"@id":"https:\/\/uphostel.com\/#organization"},"alternateName":"Up Hostel","potentialAction":[{"@type":"SearchAction","target":{"@type":"EntryPoint","urlTemplate":"https:\/\/uphostel.com\/?s={search_term_string}"},"query-input":{"@type":"PropertyValueSpecification","valueRequired":true,"valueName":"search_term_string"}}],"inLanguage":"en-GB"},{"@type":"Organization","@id":"https:\/\/uphostel.com\/#organization","name":"Up Hostel Valencia","alternateName":"Up Hostel","url":"https:\/\/uphostel.com\/","logo":{"@type":"ImageObject","inLanguage":"en-GB","@id":"https:\/\/uphostel.com\/#\/schema\/logo\/image\/","url":"https:\/\/uphostel.com\/wp-content\/uploads\/2025\/10\/logo-nav-bar.svg","contentUrl":"https:\/\/uphostel.com\/wp-content\/uploads\/2025\/10\/logo-nav-bar.svg","width":1,"height":1,"caption":"Up Hostel Valencia"},"image":{"@id":"https:\/\/uphostel.com\/#\/schema\/logo\/image\/"}}]}},"_links":{"self":[{"href":"https:\/\/uphostel.com\/en\/wp-json\/wp\/v2\/pages\/956","targetHints":{"allow":["GET"]}}],"collection":[{"href":"https:\/\/uphostel.com\/en\/wp-json\/wp\/v2\/pages"}],"about":[{"href":"https:\/\/uphostel.com\/en\/wp-json\/wp\/v2\/types\/page"}],"author":[{"embeddable":true,"href":"https:\/\/uphostel.com\/en\/wp-json\/wp\/v2\/users\/1"}],"replies":[{"embeddable":true,"href":"https:\/\/uphostel.com\/en\/wp-json\/wp\/v2\/comments?post=956"}],"version-history":[{"count":3,"href":"https:\/\/uphostel.com\/en\/wp-json\/wp\/v2\/pages\/956\/revisions"}],"predecessor-version":[{"id":1032,"href":"https:\/\/uphostel.com\/en\/wp-json\/wp\/v2\/pages\/956\/revisions\/1032"}],"wp:featuredmedia":[{"embeddable":true,"href":"https:\/\/uphostel.com\/en\/wp-json\/wp\/v2\/media\/952"}],"wp:attachment":[{"href":"https:\/\/uphostel.com\/en\/wp-json\/wp\/v2\/media?parent=956"}],"curies":[{"name":"wp","href":"https:\/\/api.w.org\/{rel}","templated":true}]}}