{"id":855,"date":"2025-10-27T10:31:08","date_gmt":"2025-10-27T10:31:08","guid":{"rendered":"https:\/\/uphostel.com\/contacto\/"},"modified":"2025-11-10T15:18:58","modified_gmt":"2025-11-10T15:18:58","slug":"contact","status":"publish","type":"page","link":"https:\/\/uphostel.com\/en\/contact\/","title":{"rendered":"Contact"},"content":{"rendered":"\n\t<section class=\"section\" id=\"section_564905668\">\n\t\t<div class=\"section-bg fill\" >\n\t\t\t\t\t\t\t\t\t\n\t\t\t\n\n\t\t<\/div>\n\n\t\t\n\n\t\t<div class=\"section-content relative\">\n\t\t\t\n\t<div id=\"gap-1012195087\" class=\"gap-element clearfix\" style=\"display:block; height:auto;\">\n\t\t\n<style>\n#gap-1012195087 {\n  padding-top: 80px;\n}\n@media (min-width:550px) {\n  #gap-1012195087 {\n    padding-top: 140px;\n  }\n}\n<\/style>\n\t<\/div>\n\t\n<div class=\"row\"  id=\"row-2071665010\">\n\n\t<div id=\"col-1420457253\" class=\"col medium-7 small-12 large-7\"  >\n\t\t\t\t<div class=\"col-inner\"  >\n\t\t\t\n\t\t\t\n\t<div id=\"text-1392806165\" class=\"text uppercase doubled-font fw-900\">\n\t\t\n<h1>We are just a message away<\/h1>\n\t\t\n<style>\n#text-1392806165 {\n  font-size: 1.5rem;\n  line-height: 1.1;\n  color: #15145c;\n}\n#text-1392806165 > * {\n  color: #15145c;\n}\n@media (min-width:550px) {\n  #text-1392806165 {\n    font-size: 2rem;\n  }\n}\n@media (min-width:850px) {\n  #text-1392806165 {\n    font-size: 2.25rem;\n  }\n}\n<\/style>\n\t<\/div>\n\t\n\t<div id=\"text-3721253039\" class=\"text fw-300\">\n\t\t\n<p>We are here to help you with any questions or reservations.<br \/>\nYou can write to us, call us or visit reception: we are open 24 hours a day, every day of the year.<\/p>\n\t\t\n<style>\n#text-3721253039 {\n  font-size: 1.125rem;\n  line-height: 1.4;\n  color: #15145c;\n}\n#text-3721253039 > * {\n  color: #15145c;\n}\n@media (min-width:550px) {\n  #text-3721253039 {\n    font-size: 1.25rem;\n    line-height: 1.4;\n  }\n}\n<\/style>\n\t<\/div>\n\t\n\t\t<\/div>\n\t\t\t\t\t<\/div>\n\n\t\n\n\t<div id=\"col-216046043\" class=\"col hide-for-medium medium-1 small-12 large-1\"  >\n\t\t\t\t<div class=\"col-inner\"  >\n\t\t\t\n\t\t\t\n\t\t<\/div>\n\t\t\t\t\t<\/div>\n\n\t\n\n\t<div id=\"col-292094239\" class=\"col medium-5 small-12 large-4\"  >\n\t\t\t\t<div class=\"col-inner\"  >\n\t\t\t\n\t\t\t\n\t<div id=\"text-1920928520\" class=\"text condensed-font\">\n\t\t\n<p>Tel: <a href=\"tel:+34963528158\">(34) 96 352 81 58\u2028<\/a><br \/>E-mail: <a href=\"mailto:recepcion@uphostel.com\">recepcion@uphostel.com<\/a><\/p>\n\t\t\n<style>\n#text-1920928520 {\n  font-size: 1.35rem;\n  line-height: 1.4;\n  text-align: left;\n  color: #79cec9;\n}\n#text-1920928520 > * {\n  color: #79cec9;\n}\n@media (min-width:550px) {\n  #text-1920928520 {\n    font-size: 1.75rem;\n  }\n}\n@media (min-width:850px) {\n  #text-1920928520 {\n    font-size: 2rem;\n  }\n}\n<\/style>\n\t<\/div>\n\t\n\t\t<\/div>\n\t\t\t\t\n<style>\n#col-292094239 > .col-inner {\n  padding: 0px 0px 0px 0px;\n}\n@media (min-width:550px) {\n  #col-292094239 > .col-inner {\n    padding: 30px 0px 0px 0px;\n  }\n}\n<\/style>\n\t<\/div>\n\n\t\n<\/div>\n\t<div id=\"gap-123385517\" class=\"gap-element clearfix\" style=\"display:block; height:auto;\">\n\t\t\n<style>\n#gap-123385517 {\n  padding-top: 15px;\n}\n<\/style>\n\t<\/div>\n\t\n<div class=\"row\"  id=\"row-939470399\">\n\n\t<div id=\"col-1808473683\" class=\"col small-12 large-12\"  >\n\t\t\t\t<div class=\"col-inner\"  >\n\t\t\t\n\t\t\t\n\n<div class=\"frm_forms \" id=\"frm_form_3_container\" data-token=\"9f8434125eeab689e27bbe49f8e5bdd8\">\n<form enctype=\"multipart\/form-data\" method=\"post\" class=\"frm-show-form  frm_pro_form \" id=\"form_tphkj2\" data-token=\"9f8434125eeab689e27bbe49f8e5bdd8\">\n<div class=\"frm_form_fields \">\n<fieldset>\n<legend class=\"frm_screen_reader\">Contacto EN<\/legend>\r\n\r\n<div class=\"frm_fields_container\">\n<input type=\"hidden\" name=\"frm_action\" value=\"create\" \/>\n<input type=\"hidden\" name=\"form_id\" value=\"3\" \/>\n<input type=\"hidden\" name=\"frm_hide_fields_3\" id=\"frm_hide_fields_3\" value=\"\" \/>\n<input type=\"hidden\" name=\"form_key\" value=\"tphkj2\" \/>\n<input type=\"hidden\" name=\"item_meta[0]\" value=\"\" \/>\n<input type=\"hidden\" id=\"frm_submit_entry_3\" name=\"frm_submit_entry_3\" value=\"0fdcca68a9\" \/><input type=\"hidden\" name=\"_wp_http_referer\" value=\"\/en\/wp-json\/wp\/v2\/pages\/855\" \/><div id=\"frm_field_19_container\" class=\"frm_form_field frm_section_heading form-field  frm6 frm_first\">\r\n<h3 class=\"frm_pos_top frm_section_spacing\"><\/h3>\r\n\r\n\r\n<div id=\"frm_field_20_container\" class=\"frm_form_field form-field  frm_required_field frm_top_container frm12 frm_first\">\r\n\t<label for=\"field_1jf1y2\" id=\"field_1jf1y2_label\" class=\"frm_primary_label\">Name\r\n\t\t<span class=\"frm_required\" aria-hidden=\"true\">*<\/span>\r\n\t<\/label>\r\n\t<input  type=\"text\" id=\"field_1jf1y2\" name=\"item_meta[20]\" value=\"\"  data-sectionid=\"19\"  data-reqmsg=\"Name cannot be blank.\" aria-required=\"true\" data-invmsg=\"Name no es v\u00e1lido\" aria-invalid=\"false\"   \/>\r\n\t\r\n\t\r\n<\/div>\n<div id=\"frm_field_21_container\" class=\"frm_form_field form-field  frm_required_field frm_top_container\">\r\n\t<label for=\"field_7johm2\" id=\"field_7johm2_label\" class=\"frm_primary_label\">Phone number\r\n\t\t<span class=\"frm_required\" aria-hidden=\"true\">*<\/span>\r\n\t<\/label>\r\n\t<input type=\"tel\" id=\"field_7johm2\" name=\"item_meta[21]\" value=\"\"  data-sectionid=\"19\"  data-reqmsg=\"Phone number cannot be blank.\" aria-required=\"true\" data-invmsg=\"Phone number not valid.\" aria-invalid=\"false\" pattern=\"((\\+\\d{1,3}(-|.| )?\\(?\\d\\)?(-| |.)?\\d{1,5})|(\\(?\\d{2,6}\\)?))(-|.| )?(\\d{3,4})(-|.| )?(\\d{4})(( x| ext)\\d{1,5}){0,1}$\"  \/>\r\n\t\r\n\t\r\n<\/div>\n<div id=\"frm_field_22_container\" class=\"frm_form_field form-field  frm_required_field frm_top_container\">\r\n\t<label for=\"field_lgx162\" id=\"field_lgx162_label\" class=\"frm_primary_label\">Email\r\n\t\t<span class=\"frm_required\" aria-hidden=\"true\">*<\/span>\r\n\t<\/label>\r\n\t<input type=\"email\" id=\"field_lgx162\" name=\"item_meta[22]\" value=\"\"  data-sectionid=\"19\"  autocomplete=\"email\"  data-reqmsg=\"Email cannot be blank.\" aria-required=\"true\" data-invmsg=\"Email not valid.\" aria-invalid=\"false\"  \/>\r\n\t\r\n\t\r\n<\/div>\n<\/div>\n<div id=\"frm_field_24_container\" class=\"frm_form_field frm_section_heading form-field  frm6\">\r\n<h3 class=\"frm_pos_top frm_section_spacing\"><\/h3>\r\n\r\n\r\n<div id=\"frm_field_25_container\" class=\"frm_form_field form-field  frm_required_field frm_top_container\">\r\n\t<label for=\"field_gzvur2\" id=\"field_gzvur2_label\" class=\"frm_primary_label\">subject\r\n\t\t<span class=\"frm_required\" aria-hidden=\"true\">*<\/span>\r\n\t<\/label>\r\n\t<input  type=\"text\" id=\"field_gzvur2\" name=\"item_meta[25]\" value=\"\"  data-sectionid=\"24\"  data-reqmsg=\"subject cannot be blank.\" aria-required=\"true\" data-invmsg=\"subject no es v\u00e1lido\" aria-invalid=\"false\"   \/>\r\n\t\r\n\t\r\n<\/div>\n<div id=\"frm_field_26_container\" class=\"frm_form_field form-field  frm_required_field frm_top_container\">\r\n\t<label for=\"field_34pka2\" id=\"field_34pka2_label\" class=\"frm_primary_label\">Message\r\n\t\t<span class=\"frm_required\" aria-hidden=\"true\">*<\/span>\r\n\t<\/label>\r\n\t<textarea name=\"item_meta[26]\" id=\"field_34pka2\" rows=\"5\"  data-sectionid=\"24\"  data-reqmsg=\"Message cannot be blank.\" aria-required=\"true\" data-invmsg=\"Message not valid.\" aria-invalid=\"false\"  ><\/textarea>\r\n\t\r\n\t\r\n<\/div>\n<\/div>\n<div id=\"frm_field_28_container\" class=\"frm_form_field form-field  frm_required_field frm_top_container vertical_radio\">\r\n\t<div  id=\"field_3bi3p2_label\" class=\"frm_primary_label\">RGPD\r\n\t\t<span class=\"frm_required\" aria-hidden=\"true\">*<\/span>\r\n\t<\/div>\r\n\t<div class=\"frm_opt_container\" aria-labelledby=\"field_3bi3p2_label\" role=\"group\">\t\t<div class=\"frm_checkbox\" id=\"frm_checkbox_28-0\">\t\t\t<label  for=\"field_3bi3p2-0\">\n\t\t\t<input type=\"checkbox\" name=\"item_meta[28][]\" id=\"field_3bi3p2-0\" value=\"I accept the &lt;a href=&quot;\/en\/privacy-policy\/&quot; target=&quot;_blank&quot;&gt;terms and conditions&lt;\/a&gt;\"  data-reqmsg=\"RGPD cannot be blank.\" data-invmsg=\"RGPD not valid.\"   aria-required=\"true\"  \/> I accept the <a href=\"\/en\/privacy-policy\/\" target=\"_blank\">terms and conditions<\/a><\/label><\/div>\n<\/div>\r\n\t\r\n\t\r\n<\/div>\n<div id=\"frm_field_29_container\" class=\"frm_form_field form-field \">\r\n\t<div class=\"frm_submit frm_flex\">\r\n<button class=\"frm_button_submit frm_final_submit button secondary is-outline\" type=\"submit\"   formnovalidate=\"formnovalidate\"><span>Send<\/span><\/button>\r\n\r\n\r\n\r\n<\/div>\r\n<\/div>\n\t<input type=\"hidden\" name=\"item_key\" value=\"\" \/>\n\t\t\t<div id=\"frm_field_30_container\">\n\t\t\t<label for=\"field_4kj25\" >\n\t\t\t\tIf you are human, leave this field blank.\t\t\t<\/label>\n\t\t\t<input  id=\"field_4kj25\" type=\"text\" class=\"frm_form_field form-field frm_verify\" name=\"item_meta[30]\" value=\"\"  \/>\n\t\t<\/div>\n\t\t<input name=\"frm_state\" type=\"hidden\" value=\"ZQA1U+SuohBwjm0fidmneCanlDAb\/M4wCn+Tf6Fb5AtxyUtJ8kaPqlq61lJJp3lw\" \/><\/div>\n<\/fieldset>\n<\/div>\n\n<\/form>\n<\/div>\n\n\n\t\t<\/div>\n\t\t\t\t\t<\/div>\n\n\t\n<\/div>\n\t<div id=\"gap-1701617846\" class=\"gap-element clearfix\" style=\"display:block; height:auto;\">\n\t\t\n<style>\n#gap-1701617846 {\n  padding-top: 80px;\n}\n@media (min-width:550px) {\n  #gap-1701617846 {\n    padding-top: 140px;\n  }\n}\n<\/style>\n\t<\/div>\n\t\n\t\t<\/div>\n\n\t\t\n<style>\n#section_564905668 {\n  padding-top: 0px;\n  padding-bottom: 0px;\n}\n<\/style>\n\t<\/section>\n\t\n\n\t<section class=\"section\" id=\"section_707142641\">\n\t\t<div class=\"section-bg fill\" >\n\t\t\t\t\t\t\t\t\t\n\t\t\t\n\n\t\t<\/div>\n\n\t\t\n\n\t\t<div class=\"section-content relative\">\n\t\t\t\n\n\t<div id=\"text-168243447\" class=\"text txt-m-0 doubled-font marquee-text\">\n\t\t\n\n<ul>\n<li>FIND US<\/li>\n<li>FIND US<\/li>\n<li>FIND US<\/li>\n<li>FIND US<\/li>\n<li>FIND US<\/li>\n<li>FIND US<\/li>\n<li>FIND US<\/li>\n<li>FIND US<\/li>\n<li>FIND US<\/li>\n<li>FIND US<\/li>\n<li>FIND US<\/li>\n<li>FIND US<\/li>\n<li>FIND US<\/li>\n<li>FIND US<\/li>\n<li>FIND US<\/li>\n<li>FIND US<\/li>\n<li>FIND US<\/li>\n<li>FIND US<\/li>\n<\/ul>\n\n\t\t\n<style>\n#text-168243447 {\n  font-size: 1.75rem;\n  line-height: 1;\n}\n@media (min-width:550px) {\n  #text-168243447 {\n    font-size: 2.5rem;\n  }\n}\n@media (min-width:850px) {\n  #text-168243447 {\n    font-size: 3rem;\n  }\n}\n<\/style>\n\t<\/div>\n\t\n\n\t\t<\/div>\n\n\t\t\n<style>\n#section_707142641 {\n  padding-top: 25px;\n  padding-bottom: 25px;\n  background-color: rgb(121, 206, 201);\n}\n@media (min-width:550px) {\n  #section_707142641 {\n    padding-top: 43px;\n    padding-bottom: 43px;\n  }\n}\n<\/style>\n\t<\/section>\n\t\n\n\t<section class=\"section map-section\" id=\"section_1982402484\">\n\t\t<div class=\"section-bg fill\" >\n\t\t\t\t\t\t\t\t\t\n\t\t\t\n\n\t\t<\/div>\n\n\t\t\n\n\t\t<div class=\"section-content relative\">\n\t\t\t\n\n\n\n<iframe src=\"https:\/\/www.google.com\/maps\/embed?pb=!1m18!1m12!1m3!1d3080.17452881956!2d-0.38063632348614834!3d39.46538571299045!2m3!1f0!2f0!3f0!3m2!1i1024!2i768!4f13.1!3m3!1m2!1s0xd604f4a79e514ed%3A0x19b926ce41b28582!2sUP*21%20Hostel!5e0!3m2!1ses!2ses!4v1756977065589!5m2!1ses!2ses\" width=\"600\" height=\"450\" style=\"border:0;\" allowfullscreen=\"\" loading=\"lazy\" referrerpolicy=\"no-referrer-when-downgrade\"><\/iframe>\n\n\n\t\t<\/div>\n\n\t\t\n<style>\n#section_1982402484 {\n  padding-top: 0px;\n  padding-bottom: 0px;\n}\n<\/style>\n\t<\/section>\n\t\n","protected":false},"excerpt":{"rendered":"","protected":false},"author":1,"featured_media":852,"parent":0,"menu_order":0,"comment_status":"closed","ping_status":"closed","template":"","meta":{"footnotes":""},"class_list":["post-855","page","type-page","status-publish","has-post-thumbnail","hentry"],"yoast_head":"<!-- This site is optimized with the Yoast SEO plugin v27.0 - https:\/\/yoast.com\/product\/yoast-seo-wordpress\/ -->\n<title>Contact With Us | Up Hostel<\/title>\n<meta name=\"description\" content=\"Please contact us with any questions or reservations. Call, write, or visit our reception desk, open 24\/7. We are here to assist you at any time.\" \/>\n<meta name=\"robots\" content=\"index, follow, max-snippet:-1, max-image-preview:large, max-video-preview:-1\" \/>\n<link rel=\"canonical\" href=\"https:\/\/uphostel.com\/en\/contact\/\" \/>\n<meta property=\"og:locale\" content=\"en_GB\" \/>\n<meta property=\"og:type\" content=\"article\" \/>\n<meta property=\"og:title\" content=\"Contact With Us | Up Hostel\" \/>\n<meta property=\"og:description\" content=\"Please contact us with any questions or reservations. Call, write, or visit our reception desk, open 24\/7. We are here to assist you at any time.\" \/>\n<meta property=\"og:url\" content=\"https:\/\/uphostel.com\/en\/contact\/\" \/>\n<meta property=\"og:site_name\" content=\"UpHostel\" \/>\n<meta property=\"article:modified_time\" content=\"2025-11-10T15:18:58+00:00\" \/>\n<meta property=\"og:image\" content=\"https:\/\/uphostel.com\/wp-content\/uploads\/2025\/10\/home-estacion.jpg\" \/>\n\t<meta property=\"og:image:width\" content=\"1920\" \/>\n\t<meta property=\"og:image:height\" content=\"1080\" \/>\n\t<meta property=\"og:image:type\" content=\"image\/jpeg\" \/>\n<meta name=\"twitter:card\" content=\"summary_large_image\" \/>\n<meta name=\"twitter:label1\" content=\"Estimated reading time\" \/>\n\t<meta name=\"twitter:data1\" content=\"1 minute\" \/>\n<script type=\"application\/ld+json\" class=\"yoast-schema-graph\">{\"@context\":\"https:\/\/schema.org\",\"@graph\":[{\"@type\":\"WebPage\",\"@id\":\"https:\/\/uphostel.com\/en\/contact\/\",\"url\":\"https:\/\/uphostel.com\/en\/contact\/\",\"name\":\"Contact With Us | Up Hostel\",\"isPartOf\":{\"@id\":\"https:\/\/uphostel.com\/#website\"},\"primaryImageOfPage\":{\"@id\":\"https:\/\/uphostel.com\/en\/contact\/#primaryimage\"},\"image\":{\"@id\":\"https:\/\/uphostel.com\/en\/contact\/#primaryimage\"},\"thumbnailUrl\":\"https:\/\/uphostel.com\/wp-content\/uploads\/2025\/10\/home-estacion.jpg\",\"datePublished\":\"2025-10-27T10:31:08+00:00\",\"dateModified\":\"2025-11-10T15:18:58+00:00\",\"description\":\"Please contact us with any questions or reservations. Call, write, or visit our reception desk, open 24\/7. We are here to assist you at any time.\",\"breadcrumb\":{\"@id\":\"https:\/\/uphostel.com\/en\/contact\/#breadcrumb\"},\"inLanguage\":\"en-GB\",\"potentialAction\":[{\"@type\":\"ReadAction\",\"target\":[\"https:\/\/uphostel.com\/en\/contact\/\"]}]},{\"@type\":\"ImageObject\",\"inLanguage\":\"en-GB\",\"@id\":\"https:\/\/uphostel.com\/en\/contact\/#primaryimage\",\"url\":\"https:\/\/uphostel.com\/wp-content\/uploads\/2025\/10\/home-estacion.jpg\",\"contentUrl\":\"https:\/\/uphostel.com\/wp-content\/uploads\/2025\/10\/home-estacion.jpg\",\"width\":1920,\"height\":1080,\"caption\":\"contacta con nosotros\"},{\"@type\":\"BreadcrumbList\",\"@id\":\"https:\/\/uphostel.com\/en\/contact\/#breadcrumb\",\"itemListElement\":[{\"@type\":\"ListItem\",\"position\":1,\"name\":\"Portada\",\"item\":\"https:\/\/uphostel.com\/en\/\"},{\"@type\":\"ListItem\",\"position\":2,\"name\":\"Contact\"}]},{\"@type\":\"WebSite\",\"@id\":\"https:\/\/uphostel.com\/#website\",\"url\":\"https:\/\/uphostel.com\/\",\"name\":\"Up Hostel Valencia\",\"description\":\"Vive Valencia al m\u00e1ximo en UP! Hostel, un youth hostel en Valencia con la mejor ubicaci\u00f3n, ambiente \u00fanico y todas las comodidades para viajeros.\",\"publisher\":{\"@id\":\"https:\/\/uphostel.com\/#organization\"},\"alternateName\":\"Up Hostel\",\"potentialAction\":[{\"@type\":\"SearchAction\",\"target\":{\"@type\":\"EntryPoint\",\"urlTemplate\":\"https:\/\/uphostel.com\/?s={search_term_string}\"},\"query-input\":{\"@type\":\"PropertyValueSpecification\",\"valueRequired\":true,\"valueName\":\"search_term_string\"}}],\"inLanguage\":\"en-GB\"},{\"@type\":\"Organization\",\"@id\":\"https:\/\/uphostel.com\/#organization\",\"name\":\"Up Hostel Valencia\",\"alternateName\":\"Up Hostel\",\"url\":\"https:\/\/uphostel.com\/\",\"logo\":{\"@type\":\"ImageObject\",\"inLanguage\":\"en-GB\",\"@id\":\"https:\/\/uphostel.com\/#\/schema\/logo\/image\/\",\"url\":\"https:\/\/uphostel.com\/wp-content\/uploads\/2025\/10\/logo-nav-bar.svg\",\"contentUrl\":\"https:\/\/uphostel.com\/wp-content\/uploads\/2025\/10\/logo-nav-bar.svg\",\"width\":1,\"height\":1,\"caption\":\"Up Hostel Valencia\"},\"image\":{\"@id\":\"https:\/\/uphostel.com\/#\/schema\/logo\/image\/\"}}]}<\/script>\n<!-- \/ Yoast SEO plugin. -->","yoast_head_json":{"title":"Contact With Us | Up Hostel","description":"Please contact us with any questions or reservations. Call, write, or visit our reception desk, open 24\/7. We are here to assist you at any time.","robots":{"index":"index","follow":"follow","max-snippet":"max-snippet:-1","max-image-preview":"max-image-preview:large","max-video-preview":"max-video-preview:-1"},"canonical":"https:\/\/uphostel.com\/en\/contact\/","og_locale":"en_GB","og_type":"article","og_title":"Contact With Us | Up Hostel","og_description":"Please contact us with any questions or reservations. Call, write, or visit our reception desk, open 24\/7. We are here to assist you at any time.","og_url":"https:\/\/uphostel.com\/en\/contact\/","og_site_name":"UpHostel","article_modified_time":"2025-11-10T15:18:58+00:00","og_image":[{"width":1920,"height":1080,"url":"https:\/\/uphostel.com\/wp-content\/uploads\/2025\/10\/home-estacion.jpg","type":"image\/jpeg"}],"twitter_card":"summary_large_image","twitter_misc":{"Estimated reading time":"1 minute"},"schema":{"@context":"https:\/\/schema.org","@graph":[{"@type":"WebPage","@id":"https:\/\/uphostel.com\/en\/contact\/","url":"https:\/\/uphostel.com\/en\/contact\/","name":"Contact With Us | Up Hostel","isPartOf":{"@id":"https:\/\/uphostel.com\/#website"},"primaryImageOfPage":{"@id":"https:\/\/uphostel.com\/en\/contact\/#primaryimage"},"image":{"@id":"https:\/\/uphostel.com\/en\/contact\/#primaryimage"},"thumbnailUrl":"https:\/\/uphostel.com\/wp-content\/uploads\/2025\/10\/home-estacion.jpg","datePublished":"2025-10-27T10:31:08+00:00","dateModified":"2025-11-10T15:18:58+00:00","description":"Please contact us with any questions or reservations. Call, write, or visit our reception desk, open 24\/7. We are here to assist you at any time.","breadcrumb":{"@id":"https:\/\/uphostel.com\/en\/contact\/#breadcrumb"},"inLanguage":"en-GB","potentialAction":[{"@type":"ReadAction","target":["https:\/\/uphostel.com\/en\/contact\/"]}]},{"@type":"ImageObject","inLanguage":"en-GB","@id":"https:\/\/uphostel.com\/en\/contact\/#primaryimage","url":"https:\/\/uphostel.com\/wp-content\/uploads\/2025\/10\/home-estacion.jpg","contentUrl":"https:\/\/uphostel.com\/wp-content\/uploads\/2025\/10\/home-estacion.jpg","width":1920,"height":1080,"caption":"contacta con nosotros"},{"@type":"BreadcrumbList","@id":"https:\/\/uphostel.com\/en\/contact\/#breadcrumb","itemListElement":[{"@type":"ListItem","position":1,"name":"Portada","item":"https:\/\/uphostel.com\/en\/"},{"@type":"ListItem","position":2,"name":"Contact"}]},{"@type":"WebSite","@id":"https:\/\/uphostel.com\/#website","url":"https:\/\/uphostel.com\/","name":"Up Hostel Valencia","description":"Vive Valencia al m\u00e1ximo en UP! Hostel, un youth hostel en Valencia con la mejor ubicaci\u00f3n, ambiente \u00fanico y todas las comodidades para viajeros.","publisher":{"@id":"https:\/\/uphostel.com\/#organization"},"alternateName":"Up Hostel","potentialAction":[{"@type":"SearchAction","target":{"@type":"EntryPoint","urlTemplate":"https:\/\/uphostel.com\/?s={search_term_string}"},"query-input":{"@type":"PropertyValueSpecification","valueRequired":true,"valueName":"search_term_string"}}],"inLanguage":"en-GB"},{"@type":"Organization","@id":"https:\/\/uphostel.com\/#organization","name":"Up Hostel Valencia","alternateName":"Up Hostel","url":"https:\/\/uphostel.com\/","logo":{"@type":"ImageObject","inLanguage":"en-GB","@id":"https:\/\/uphostel.com\/#\/schema\/logo\/image\/","url":"https:\/\/uphostel.com\/wp-content\/uploads\/2025\/10\/logo-nav-bar.svg","contentUrl":"https:\/\/uphostel.com\/wp-content\/uploads\/2025\/10\/logo-nav-bar.svg","width":1,"height":1,"caption":"Up Hostel Valencia"},"image":{"@id":"https:\/\/uphostel.com\/#\/schema\/logo\/image\/"}}]}},"_links":{"self":[{"href":"https:\/\/uphostel.com\/en\/wp-json\/wp\/v2\/pages\/855","targetHints":{"allow":["GET"]}}],"collection":[{"href":"https:\/\/uphostel.com\/en\/wp-json\/wp\/v2\/pages"}],"about":[{"href":"https:\/\/uphostel.com\/en\/wp-json\/wp\/v2\/types\/page"}],"author":[{"embeddable":true,"href":"https:\/\/uphostel.com\/en\/wp-json\/wp\/v2\/users\/1"}],"replies":[{"embeddable":true,"href":"https:\/\/uphostel.com\/en\/wp-json\/wp\/v2\/comments?post=855"}],"version-history":[{"count":4,"href":"https:\/\/uphostel.com\/en\/wp-json\/wp\/v2\/pages\/855\/revisions"}],"predecessor-version":[{"id":1052,"href":"https:\/\/uphostel.com\/en\/wp-json\/wp\/v2\/pages\/855\/revisions\/1052"}],"wp:featuredmedia":[{"embeddable":true,"href":"https:\/\/uphostel.com\/en\/wp-json\/wp\/v2\/media\/852"}],"wp:attachment":[{"href":"https:\/\/uphostel.com\/en\/wp-json\/wp\/v2\/media?parent=855"}],"curies":[{"name":"wp","href":"https:\/\/api.w.org\/{rel}","templated":true}]}}