{"id":1024,"date":"2025-10-27T13:24:21","date_gmt":"2025-10-27T13:24:21","guid":{"rendered":"https:\/\/uphostel.com\/aviso-legal\/"},"modified":"2025-11-05T11:58:06","modified_gmt":"2025-11-05T11:58:06","slug":"legal-notice","status":"publish","type":"page","link":"https:\/\/uphostel.com\/en\/legal-notice\/","title":{"rendered":"Legal Notice"},"content":{"rendered":"\n\t<section class=\"section\" id=\"section_1063938838\">\n\t\t<div class=\"section-bg fill\" >\n\t\t\t\t\t\t\t\t\t\n\t\t\t\n\n\t\t<\/div>\n\n\t\t\n\n\t\t<div class=\"section-content relative\">\n\t\t\t\n\t<div id=\"gap-1573321561\" class=\"gap-element clearfix\" style=\"display:block; height:auto;\">\n\t\t\n<style>\n#gap-1573321561 {\n  padding-top: 100px;\n}\n<\/style>\n\t<\/div>\n\t\n<div class=\"row\" style=\"max-width:1300px\" id=\"row-568196365\">\n\n\t<div id=\"col-1146183834\" class=\"col small-12 large-12\"  >\n\t\t\t\t<div class=\"col-inner\"  >\n\t\t\t\n\t\t\t\n\t<div id=\"text-1779484531\" class=\"text\">\n\t\t\n<h1>LEGAL NOTICE<\/h1>\n\t\t\n<style>\n#text-1779484531 {\n  font-size: 3rem;\n}\n<\/style>\n\t<\/div>\n\t\n\t\t<\/div>\n\t\t\t\t\t<\/div>\n\n\t\n\n\t<div id=\"col-1949018243\" class=\"col small-12 large-12\"  >\n\t\t\t\t<div class=\"col-inner\"  >\n\t\t\t\n\t\t\t\n\t<div id=\"text-494026868\" class=\"text\">\n\t\t\n<h2>Intellectual and Industrial Property<\/h2>\n\t\t\n<style>\n#text-494026868 {\n  font-size: 1.5rem;\n}\n<\/style>\n\t<\/div>\n\t\n<p>Intellectual and Industrial Property: The design of the portal and its source code, as well as the logos, trademarks, and other distinctive signs appearing on it, are the property of VALENCIA STATION HOSTEL S.L. and are protected by the corresponding intellectual and industrial property rights.<\/p>\n\t<div id=\"gap-2086213592\" class=\"gap-element clearfix\" style=\"display:block; height:auto;\">\n\t\t\n<style>\n#gap-2086213592 {\n  padding-top: 40px;\n}\n<\/style>\n\t<\/div>\n\t\n\t<div id=\"text-2288919598\" class=\"text\">\n\t\t\n<h2>Content Liability<\/h2>\n\t\t\n<style>\n#text-2288919598 {\n  font-size: 1.5rem;\n}\n<\/style>\n\t<\/div>\n\t\n<p>VALENCIA STATION HOSTEL S.L., with CIF\/NIF B98679186, is not responsible for the legality of third-party websites from which access to the portal may be obtained. It is also not liable for the legality of other third-party websites that may be linked to or connected from this portal.<\/p>\n<p>VALENCIA STATION HOSTEL S.L., with CIF\/NIF B98679186, shall not be responsible for the use made by third parties of the information published on the portal, nor for any damages or financial losses, direct or indirect, that may result from or be caused by the use of such information, including economic, material, or data-related harm.<\/p>\n\t<div id=\"gap-852743654\" class=\"gap-element clearfix\" style=\"display:block; height:auto;\">\n\t\t\n<style>\n#gap-852743654 {\n  padding-top: 40px;\n}\n<\/style>\n\t<\/div>\n\t\n\t<div id=\"text-1912520594\" class=\"text\">\n\t\t\n<h2>Content Reproduction<\/h2>\n\t\t\n<style>\n#text-1912520594 {\n  font-size: 1.5rem;\n}\n<\/style>\n\t<\/div>\n\t\n<p>In accordance with the provisions of the Intellectual Property Law, the reproduction, distribution, and public communication of all or part of the content of this website for commercial purposes, on any medium and by any technical means, is expressly prohibited without the authorisation of VALENCIA STATION HOSTEL S.L.<\/p>\n\t<div id=\"gap-932710117\" class=\"gap-element clearfix\" style=\"display:block; height:auto;\">\n\t\t\n<style>\n#gap-932710117 {\n  padding-top: 40px;\n}\n<\/style>\n\t<\/div>\n\t\n\t<div id=\"text-671180027\" class=\"text\">\n\t\t\n<h2>Applicable Law<\/h2>\n\t\t\n<style>\n#text-671180027 {\n  font-size: 1.5rem;\n}\n<\/style>\n\t<\/div>\n\t\n<p>VALENCIA STATION HOSTEL S.L., with VAT\/NIF B98679186, reserves the right to initiate any civil or criminal actions it deems necessary for the improper use of the website and its contents, or for the breach of these terms and conditions.<\/p>\n<p>The relationship between the user and VALENCIA STATION HOSTEL S.L., with VAT\/NIF B98679186, shall be governed by the laws in force and applicable within the national territory. Should any dispute arise regarding the interpretation and\/or application of these terms, the parties agree to submit such conflicts to the ordinary courts, subject to the Judges and Courts with jurisdiction according to the law.<\/p>\n<p>We also inform you that there is a free and accessible out-of-court dispute resolution procedure available to all citizens, which is the European Union Online Dispute Resolution platform, accessible via the following link:<br \/><a href=\"https:\/\/ec.europa.eu\/consumers\/odr\/main\/?event=main.home2.show.\">https:\/\/ec.europa.eu\/consumers\/odr\/main\/?event=main.home2.show.<\/a><\/p>\n\t<div id=\"gap-97439279\" class=\"gap-element clearfix\" style=\"display:block; height:auto;\">\n\t\t\n<style>\n#gap-97439279 {\n  padding-top: 40px;\n}\n<\/style>\n\t<\/div>\n\t\n\t<div id=\"text-3487802518\" class=\"text\">\n\t\t\n<h2>Cookies<\/h2>\n\t\t\n<style>\n#text-3487802518 {\n  font-size: 1.5rem;\n}\n<\/style>\n\t<\/div>\n\t\n<p>If \u201ccookie\u201d technology is used on the website, there is a specific section that provides information about its existence and its usage policy. Please refer to the \u201cCookie Policy\u201d section.<\/p>\n<p>If not, no browsing cookies are used.<\/p>\n\t<div id=\"gap-1302412073\" class=\"gap-element clearfix\" style=\"display:block; height:auto;\">\n\t\t\n<style>\n#gap-1302412073 {\n  padding-top: 40px;\n}\n<\/style>\n\t<\/div>\n\t\n\t<div id=\"text-827904193\" class=\"text\">\n\t\t\n<h2>Personal data of minors<\/h2>\n\t\t\n<style>\n#text-827904193 {\n  font-size: 1.5rem;\n}\n<\/style>\n\t<\/div>\n\t\n<p>This website is not intended for minors. If you are a minor, please do not attempt to register as a user. If we discover that we have mistakenly obtained personal information from a minor, we will delete that information as soon as possible.<\/p>\n\t<div id=\"gap-1873185019\" class=\"gap-element clearfix\" style=\"display:block; height:auto;\">\n\t\t\n<style>\n#gap-1873185019 {\n  padding-top: 40px;\n}\n<\/style>\n\t<\/div>\n\t\n\t<div id=\"text-506778506\" class=\"text\">\n\t\t\n<h2>Exercising data protection rights<br \/>\n<\/h2>\n\t\t\n<style>\n#text-506778506 {\n  font-size: 1.5rem;\n}\n<\/style>\n\t<\/div>\n\t\n<p>In accordance with the rights conferred by current legislation on the protection of personal data, users may exercise their rights of access, rectification, restriction of processing, erasure, portability and objection to the processing of their data by sending their request to the postal address indicated or to the email address direccion@uphostel.com.<\/p>\n\t<div id=\"gap-1730194368\" class=\"gap-element clearfix\" style=\"display:block; height:auto;\">\n\t\t\n<style>\n#gap-1730194368 {\n  padding-top: 40px;\n}\n<\/style>\n\t<\/div>\n\t\n\t<div id=\"text-834201790\" class=\"text\">\n\t\t\n<h2>For the exercise, the applicant must be sufficiently identified in the application.<\/h2>\n\t\t\n<style>\n#text-834201790 {\n  font-size: 1.5rem;\n}\n<\/style>\n\t<\/div>\n\t\n<p>For any complaints, please contact us by email at direccion@uphostel.com. You may also contact the Spanish Data Protection Agency:<\/p>\n\t\t<\/div>\n\t\t\t\t\t<\/div>\n\n\t\n<\/div>\n\t<div id=\"gap-302926943\" class=\"gap-element clearfix\" style=\"display:block; height:auto;\">\n\t\t\n<style>\n#gap-302926943 {\n  padding-top: 140px;\n}\n<\/style>\n\t<\/div>\n\t\n\t\t<\/div>\n\n\t\t\n<style>\n#section_1063938838 {\n  padding-top: 0px;\n  padding-bottom: 0px;\n}\n<\/style>\n\t<\/section>\n\t\n","protected":false},"excerpt":{"rendered":"","protected":false},"author":1,"featured_media":0,"parent":0,"menu_order":999,"comment_status":"closed","ping_status":"closed","template":"","meta":{"footnotes":""},"class_list":["post-1024","page","type-page","status-publish","hentry"],"yoast_head":"<!-- This site is optimized with the Yoast SEO plugin v27.0 - https:\/\/yoast.com\/product\/yoast-seo-wordpress\/ -->\n<title>Legal Notice | UpHostel<\/title>\n<meta name=\"robots\" content=\"noindex, follow\" \/>\n<meta property=\"og:locale\" content=\"en_GB\" \/>\n<meta property=\"og:type\" content=\"article\" \/>\n<meta property=\"og:title\" content=\"Legal Notice | UpHostel\" \/>\n<meta property=\"og:url\" content=\"https:\/\/uphostel.com\/en\/legal-notice\/\" \/>\n<meta property=\"og:site_name\" content=\"UpHostel\" \/>\n<meta property=\"article:modified_time\" content=\"2025-11-05T11:58:06+00:00\" \/>\n<meta property=\"og:image\" content=\"https:\/\/uphostel.com\/wp-content\/uploads\/2025\/10\/habitacion-chicas.jpg\" \/>\n\t<meta property=\"og:image:width\" content=\"900\" \/>\n\t<meta property=\"og:image:height\" content=\"544\" \/>\n\t<meta property=\"og:image:type\" content=\"image\/jpeg\" \/>\n<meta name=\"twitter:card\" content=\"summary_large_image\" \/>\n<meta name=\"twitter:label1\" content=\"Estimated reading time\" \/>\n\t<meta name=\"twitter:data1\" content=\"3 minutes\" \/>\n<script type=\"application\/ld+json\" class=\"yoast-schema-graph\">{\"@context\":\"https:\/\/schema.org\",\"@graph\":[{\"@type\":\"WebPage\",\"@id\":\"https:\/\/uphostel.com\/en\/legal-notice\/\",\"url\":\"https:\/\/uphostel.com\/en\/legal-notice\/\",\"name\":\"Legal Notice | UpHostel\",\"isPartOf\":{\"@id\":\"https:\/\/uphostel.com\/#website\"},\"datePublished\":\"2025-10-27T13:24:21+00:00\",\"dateModified\":\"2025-11-05T11:58:06+00:00\",\"breadcrumb\":{\"@id\":\"https:\/\/uphostel.com\/en\/legal-notice\/#breadcrumb\"},\"inLanguage\":\"en-GB\",\"potentialAction\":[{\"@type\":\"ReadAction\",\"target\":[\"https:\/\/uphostel.com\/en\/legal-notice\/\"]}]},{\"@type\":\"BreadcrumbList\",\"@id\":\"https:\/\/uphostel.com\/en\/legal-notice\/#breadcrumb\",\"itemListElement\":[{\"@type\":\"ListItem\",\"position\":1,\"name\":\"Portada\",\"item\":\"https:\/\/uphostel.com\/en\/\"},{\"@type\":\"ListItem\",\"position\":2,\"name\":\"Legal Notice\"}]},{\"@type\":\"WebSite\",\"@id\":\"https:\/\/uphostel.com\/#website\",\"url\":\"https:\/\/uphostel.com\/\",\"name\":\"Up Hostel Valencia\",\"description\":\"Vive Valencia al m\u00e1ximo en UP! Hostel, un youth hostel en Valencia con la mejor ubicaci\u00f3n, ambiente \u00fanico y todas las comodidades para viajeros.\",\"publisher\":{\"@id\":\"https:\/\/uphostel.com\/#organization\"},\"alternateName\":\"Up Hostel\",\"potentialAction\":[{\"@type\":\"SearchAction\",\"target\":{\"@type\":\"EntryPoint\",\"urlTemplate\":\"https:\/\/uphostel.com\/?s={search_term_string}\"},\"query-input\":{\"@type\":\"PropertyValueSpecification\",\"valueRequired\":true,\"valueName\":\"search_term_string\"}}],\"inLanguage\":\"en-GB\"},{\"@type\":\"Organization\",\"@id\":\"https:\/\/uphostel.com\/#organization\",\"name\":\"Up Hostel Valencia\",\"alternateName\":\"Up Hostel\",\"url\":\"https:\/\/uphostel.com\/\",\"logo\":{\"@type\":\"ImageObject\",\"inLanguage\":\"en-GB\",\"@id\":\"https:\/\/uphostel.com\/#\/schema\/logo\/image\/\",\"url\":\"https:\/\/uphostel.com\/wp-content\/uploads\/2025\/10\/logo-nav-bar.svg\",\"contentUrl\":\"https:\/\/uphostel.com\/wp-content\/uploads\/2025\/10\/logo-nav-bar.svg\",\"width\":1,\"height\":1,\"caption\":\"Up Hostel Valencia\"},\"image\":{\"@id\":\"https:\/\/uphostel.com\/#\/schema\/logo\/image\/\"}}]}<\/script>\n<!-- \/ Yoast SEO plugin. -->","yoast_head_json":{"title":"Legal Notice | UpHostel","robots":{"index":"noindex","follow":"follow"},"og_locale":"en_GB","og_type":"article","og_title":"Legal Notice | UpHostel","og_url":"https:\/\/uphostel.com\/en\/legal-notice\/","og_site_name":"UpHostel","article_modified_time":"2025-11-05T11:58:06+00:00","og_image":[{"width":900,"height":544,"url":"https:\/\/uphostel.com\/wp-content\/uploads\/2025\/10\/habitacion-chicas.jpg","type":"image\/jpeg"}],"twitter_card":"summary_large_image","twitter_misc":{"Estimated reading time":"3 minutes"},"schema":{"@context":"https:\/\/schema.org","@graph":[{"@type":"WebPage","@id":"https:\/\/uphostel.com\/en\/legal-notice\/","url":"https:\/\/uphostel.com\/en\/legal-notice\/","name":"Legal Notice | UpHostel","isPartOf":{"@id":"https:\/\/uphostel.com\/#website"},"datePublished":"2025-10-27T13:24:21+00:00","dateModified":"2025-11-05T11:58:06+00:00","breadcrumb":{"@id":"https:\/\/uphostel.com\/en\/legal-notice\/#breadcrumb"},"inLanguage":"en-GB","potentialAction":[{"@type":"ReadAction","target":["https:\/\/uphostel.com\/en\/legal-notice\/"]}]},{"@type":"BreadcrumbList","@id":"https:\/\/uphostel.com\/en\/legal-notice\/#breadcrumb","itemListElement":[{"@type":"ListItem","position":1,"name":"Portada","item":"https:\/\/uphostel.com\/en\/"},{"@type":"ListItem","position":2,"name":"Legal Notice"}]},{"@type":"WebSite","@id":"https:\/\/uphostel.com\/#website","url":"https:\/\/uphostel.com\/","name":"Up Hostel Valencia","description":"Vive Valencia al m\u00e1ximo en UP! Hostel, un youth hostel en Valencia con la mejor ubicaci\u00f3n, ambiente \u00fanico y todas las comodidades para viajeros.","publisher":{"@id":"https:\/\/uphostel.com\/#organization"},"alternateName":"Up Hostel","potentialAction":[{"@type":"SearchAction","target":{"@type":"EntryPoint","urlTemplate":"https:\/\/uphostel.com\/?s={search_term_string}"},"query-input":{"@type":"PropertyValueSpecification","valueRequired":true,"valueName":"search_term_string"}}],"inLanguage":"en-GB"},{"@type":"Organization","@id":"https:\/\/uphostel.com\/#organization","name":"Up Hostel Valencia","alternateName":"Up Hostel","url":"https:\/\/uphostel.com\/","logo":{"@type":"ImageObject","inLanguage":"en-GB","@id":"https:\/\/uphostel.com\/#\/schema\/logo\/image\/","url":"https:\/\/uphostel.com\/wp-content\/uploads\/2025\/10\/logo-nav-bar.svg","contentUrl":"https:\/\/uphostel.com\/wp-content\/uploads\/2025\/10\/logo-nav-bar.svg","width":1,"height":1,"caption":"Up Hostel Valencia"},"image":{"@id":"https:\/\/uphostel.com\/#\/schema\/logo\/image\/"}}]}},"_links":{"self":[{"href":"https:\/\/uphostel.com\/en\/wp-json\/wp\/v2\/pages\/1024","targetHints":{"allow":["GET"]}}],"collection":[{"href":"https:\/\/uphostel.com\/en\/wp-json\/wp\/v2\/pages"}],"about":[{"href":"https:\/\/uphostel.com\/en\/wp-json\/wp\/v2\/types\/page"}],"author":[{"embeddable":true,"href":"https:\/\/uphostel.com\/en\/wp-json\/wp\/v2\/users\/1"}],"replies":[{"embeddable":true,"href":"https:\/\/uphostel.com\/en\/wp-json\/wp\/v2\/comments?post=1024"}],"version-history":[{"count":2,"href":"https:\/\/uphostel.com\/en\/wp-json\/wp\/v2\/pages\/1024\/revisions"}],"predecessor-version":[{"id":1026,"href":"https:\/\/uphostel.com\/en\/wp-json\/wp\/v2\/pages\/1024\/revisions\/1026"}],"wp:attachment":[{"href":"https:\/\/uphostel.com\/en\/wp-json\/wp\/v2\/media?parent=1024"}],"curies":[{"name":"wp","href":"https:\/\/api.w.org\/{rel}","templated":true}]}}