{"id":1013,"date":"2025-11-05T11:53:36","date_gmt":"2025-11-05T11:53:36","guid":{"rendered":"https:\/\/uphostel.com\/politica-de-cookies\/"},"modified":"2025-11-05T11:55:30","modified_gmt":"2025-11-05T11:55:30","slug":"cookie-policy","status":"publish","type":"page","link":"https:\/\/uphostel.com\/en\/cookie-policy\/","title":{"rendered":"COOKIE POLICY"},"content":{"rendered":"\n\t<section class=\"section\" id=\"section_1570825883\">\n\t\t<div class=\"section-bg fill\" >\n\t\t\t\t\t\t\t\t\t\n\t\t\t\n\n\t\t<\/div>\n\n\t\t\n\n\t\t<div class=\"section-content relative\">\n\t\t\t\n\t<div id=\"gap-618475305\" class=\"gap-element clearfix\" style=\"display:block; height:auto;\">\n\t\t\n<style>\n#gap-618475305 {\n  padding-top: 100px;\n}\n<\/style>\n\t<\/div>\n\t\n<div class=\"row\" style=\"max-width:1300px\" id=\"row-946927798\">\n\n\t<div id=\"col-67234044\" class=\"col small-12 large-12\"  >\n\t\t\t\t<div class=\"col-inner\"  >\n\t\t\t\n\t\t\t\n\t<div id=\"text-2061267530\" class=\"text\">\n\t\t\n<h1>COOKIE POLICY<\/h1>\n\t\t\n<style>\n#text-2061267530 {\n  font-size: 3rem;\n}\n<\/style>\n\t<\/div>\n\t\n\t\t<\/div>\n\t\t\t\t\t<\/div>\n\n\t\n\n\t<div id=\"col-101824805\" class=\"col small-12 large-12\"  >\n\t\t\t\t<div class=\"col-inner\"  >\n\t\t\t\n\t\t\t\n\t<div id=\"text-2763947718\" class=\"text\">\n\t\t\n<h2>VALENCIA STATION HOSTEL S.L. COOKIE POLICY<\/h2>\n\t\t\n<style>\n#text-2763947718 {\n  font-size: 1.5rem;\n}\n<\/style>\n\t<\/div>\n\t\n<p>All websites that use cookie technology must have a cookie policy in order to clearly inform users about what cookies are, their purpose, the data they collect according to the types of cookies, how they collect and use this data, how long it is stored, etc.<\/p>\n<p>It is important to obtain users&#8217; consent before they start browsing. To do this, the COOKIE NOTICE must include a direct link to the COOKIE POLICY. Consent must be informed, so this Cookie Policy constitutes the complete information that the website must provide to all users.<\/p>\n<p>Please note that in the section \u2018What types of cookies are used on the website?\u2019 and in the detailed tables at the end, you should only indicate the cookies used on the website: own, third-party, technical, analytical, session, etc. To do this, request the information from your web provider.<\/p>\n<p>Below is a suggested text that you can adapt according to the cookies used by your website.<\/p>\n\t<div id=\"gap-840441486\" class=\"gap-element clearfix\" style=\"display:block; height:auto;\">\n\t\t\n<style>\n#gap-840441486 {\n  padding-top: 40px;\n}\n<\/style>\n\t<\/div>\n\t\n\t<div id=\"text-683674517\" class=\"text\">\n\t\t\n<h2>COOKIE POLICY<br \/>\n<\/h2>\n\t\t\n<style>\n#text-683674517 {\n  font-size: 1.5rem;\n}\n<\/style>\n\t<\/div>\n\t\n<p><strong>What are cookies?<\/strong><\/p>\n<p>In English, the term \u201ccookie\u201d literally means biscuit, but in the context of web browsing, a \u201ccookie\u201d is something entirely different.<\/p>\n<p>When you access our website, a small amount of text known as a \u201ccookie\u201d is stored in your device\u2019s browser. This text contains various pieces of information about your browsing activity, habits, preferences, content personalisation, and so on.<\/p>\n<p>There are other technologies that work in a similar way and are also used to collect data about your browsing activity. We will refer to all these technologies collectively as \u201ccookies\u201d.<\/p>\n<p>The specific uses we make of these technologies are described in this document.<\/p>\n<p><strong>What are cookies used for on this website?<\/strong><\/p>\n<p>Cookies are an essential part of how our website functions. The main purpose of our cookies is to improve your browsing experience \u2014 for example, to remember your preferences (language, country, etc.) during your visit and on future visits. The information collected by cookies also helps us to improve the website, adapt it to your interests as a user, speed up your searches, and more.<\/p>\n<p>In certain cases, if we have obtained your prior informed consent, we may use cookies for other purposes, such as obtaining information that enables us to display advertising based on the analysis of your browsing habits.<\/p>\n<p><strong>What are cookies on this website NOT used for?<\/strong><\/p>\n<p>The cookies we use do not store sensitive personal identification information such as your name, address, password, and so on.<\/p>\n<p><strong>Who uses the information stored in the cookies?<\/strong><\/p>\n<p>The information stored in the cookies on our website is used exclusively by us, except for those identified below as \u2018third-party cookies\u2019, which are used and managed by external entities that provide services to improve the user experience. For example, statistics about the number of visits, the most popular content, and so on, are typically managed by GOOGLE ANALYTICS.<\/p>\n<p>Third-party cookies are also commonly used to ensure secure payment transactions made through the website.<\/p>\n<p><strong>How can I avoid the use of cookies on this website?<\/strong><\/p>\n<p>If you prefer to avoid the use of cookies, you can REFUSE their use or CONFIGURE which ones you wish to block and which ones you allow (in this document we provide more detailed information about each type of cookie, their purpose, recipient, duration, etc.).<\/p>\n<p>If you have accepted cookies, we will not ask you again unless you delete the cookies from your device as explained in the following section.<\/p>\n<p>If you wish to withdraw your consent, you will need to delete the cookies and reconfigure your preferences.<\/p>\n<p><strong>How can I disable and delete the use of cookies?<\/strong><\/p>\n<p>To restrict, block, or delete the cookies from this website (or those used by third parties), you can do so at any time by modifying your browser settings. Please note that the configuration process varies between browsers, although it is usually found in the menu under \u2018Preferences\u2019, \u2018Tools\u2019, or \u2018Options\u2019, and then under \u2018Privacy and Security\u2019 or \u2018Clear browsing data\u2019, etc.<\/p>\n<p>For more details on cookie settings in each browser, please consult the browser\u2019s \u2018Help\u2019 menu.<\/p>\n<p><strong>What types of cookies are used on this website?<\/strong><\/p>\n<p>Each website uses its own specific cookies.<\/p>\n\t<div id=\"gap-349381088\" class=\"gap-element clearfix\" style=\"display:block; height:auto;\">\n\t\t\n<style>\n#gap-349381088 {\n  padding-top: 40px;\n}\n<\/style>\n\t<\/div>\n\t\n\t<div id=\"text-258828869\" class=\"text\">\n\t\t\n<h2>CLASSIFICATION OF COOKIES<\/h2>\n\t\t\n<style>\n#text-258828869 {\n  font-size: 1.5rem;\n}\n<\/style>\n\t<\/div>\n\t\n\t<div id=\"text-2351870701\" class=\"text\">\n\t\t\n<h3>ACCORDING TO THE ENTITY THAT MANAGES THEM<\/h3>\n\t\t\n<style>\n#text-2351870701 {\n  font-size: 1.25rem;\n}\n<\/style>\n\t<\/div>\n\t\n<p><strong>First-party cookies:<\/strong><\/p>\n<p>These are cookies that are sent to the user\u2019s device from a computer or domain managed by the website publisher itself, and from which the service requested by the user is provided.<\/p>\n<p><strong>Third-party cookies:<\/strong><\/p>\n<p>These are cookies that are sent to the user\u2019s device from a computer or domain that is not managed by the website publisher, but by another entity that processes the data obtained through the cookies.<\/p>\n<p>In cases where cookies are served from a computer or domain managed by the website publisher, but the information collected through them is processed by a third party, such cookies cannot be considered first-party cookies if the third party uses the data for its own purposes (for example, to improve the services it provides or to deliver advertising services on behalf of other entities).<\/p>\n\t<div id=\"gap-1737268281\" class=\"gap-element clearfix\" style=\"display:block; height:auto;\">\n\t\t\n<style>\n#gap-1737268281 {\n  padding-top: 40px;\n}\n<\/style>\n\t<\/div>\n\t\n\t<div id=\"text-168368500\" class=\"text uppercase\">\n\t\t\n<h3>According to the entity that manages them<\/h3>\n\t\t\n<style>\n#text-168368500 {\n  font-size: 1.25rem;\n}\n<\/style>\n\t<\/div>\n\t\n<p><strong>Technical cookies:<\/strong><\/p>\n<p>These are cookies that are necessary for browsing and for the proper functioning of our website. They are used, for example, to control data traffic and communication, identify sessions, access restricted areas, remember the items that make up an order, carry out the purchasing process, manage payments, control fraud linked to service security, submit a registration or participation request for an event, count visits for the purposes of software licence billing (for the website, platform, or application), use security elements during browsing, store content for the dissemination of videos or sound, enable dynamic content (for example, text or image loading animation), or share content via social networks.<\/p>\n<p><strong>Analytics cookies:<\/strong><\/p>\n<p>These cookies make it possible to quantify the number of users and thus perform the measurement and statistical analysis of how users interact with the services offered. The data collected from browsing our website is used to improve the range of products or services we offer.<\/p>\n<p><strong>Preference or personalisation cookies:<\/strong><\/p>\n<p>These cookies allow information to be remembered so that the user can access the service with specific characteristics that may differentiate their experience from that of other users \u2014 for example, language, the number of results to display when performing a search, the appearance or content of the service depending on the type of browser used to access it, or the region from which the service is accessed.<\/p>\n<p><strong>Behavioural advertising cookies:<\/strong><\/p>\n<p>These are cookies which, whether processed by us or by third parties, allow us to analyse your browsing habits on the Internet in order to display advertising that is relevant to your browsing profile.<\/p>\n\t<div id=\"gap-901581171\" class=\"gap-element clearfix\" style=\"display:block; height:auto;\">\n\t\t\n<style>\n#gap-901581171 {\n  padding-top: 40px;\n}\n<\/style>\n\t<\/div>\n\t\n\t<div id=\"text-3646342371\" class=\"text uppercase\">\n\t\t\n<h3>According to the length of time they remain active<\/h3>\n\t\t\n<style>\n#text-3646342371 {\n  font-size: 1.25rem;\n}\n<\/style>\n\t<\/div>\n\t\n<p><strong>Session cookies:<\/strong><\/p>\n<p>These are cookies designed to collect and store data while the user is accessing a website. They are typically used to store information that only needs to be kept for the duration of the service requested by the user on a single occasion (for example, a list of products purchased) and are deleted once the session ends.<\/p>\n<p><strong>Persistent cookies:<\/strong><\/p>\n<p>These are cookies in which the data remains stored on the user\u2019s device and can be accessed and processed for a period defined by the party responsible for the cookie, which may range from a few minutes to several years. In this regard, the necessity of using persistent cookies should be carefully assessed, as privacy risks can often be reduced by using session cookies instead. In any case, when persistent cookies are installed, their duration should be kept to the minimum necessary according to their purpose. For this reason, Opinion 4\/2012 of the Article 29 Working Party stated that, in order for a cookie to be exempt from the requirement of informed consent, its expiration must be related to its purpose. Consequently, session cookies are much more likely to be considered exempt than persistent cookies.<\/p>\n\t\t<\/div>\n\t\t\t\t\t<\/div>\n\n\t\n<\/div>\n\t<div id=\"gap-1018222036\" class=\"gap-element clearfix\" style=\"display:block; height:auto;\">\n\t\t\n<style>\n#gap-1018222036 {\n  padding-top: 140px;\n}\n<\/style>\n\t<\/div>\n\t\n\t\t<\/div>\n\n\t\t\n<style>\n#section_1570825883 {\n  padding-top: 0px;\n  padding-bottom: 0px;\n}\n<\/style>\n\t<\/section>\n\t\n","protected":false},"excerpt":{"rendered":"","protected":false},"author":1,"featured_media":0,"parent":0,"menu_order":0,"comment_status":"closed","ping_status":"closed","template":"","meta":{"footnotes":""},"class_list":["post-1013","page","type-page","status-publish","hentry"],"yoast_head":"<!-- This site is optimized with the Yoast SEO plugin v27.0 - https:\/\/yoast.com\/product\/yoast-seo-wordpress\/ -->\n<title>COOKIE POLICY | UpHostel<\/title>\n<meta name=\"robots\" content=\"noindex, follow\" \/>\n<meta property=\"og:locale\" content=\"en_GB\" \/>\n<meta property=\"og:type\" content=\"article\" \/>\n<meta property=\"og:title\" content=\"COOKIE POLICY | UpHostel\" \/>\n<meta property=\"og:url\" content=\"https:\/\/uphostel.com\/en\/cookie-policy\/\" \/>\n<meta property=\"og:site_name\" content=\"UpHostel\" \/>\n<meta property=\"article:modified_time\" content=\"2025-11-05T11:55:30+00:00\" \/>\n<meta property=\"og:image\" content=\"https:\/\/uphostel.com\/wp-content\/uploads\/2025\/10\/habitacion-chicas.jpg\" \/>\n\t<meta property=\"og:image:width\" content=\"900\" \/>\n\t<meta property=\"og:image:height\" content=\"544\" \/>\n\t<meta property=\"og:image:type\" content=\"image\/jpeg\" \/>\n<meta name=\"twitter:card\" content=\"summary_large_image\" \/>\n<meta name=\"twitter:label1\" content=\"Estimated reading time\" \/>\n\t<meta name=\"twitter:data1\" content=\"7 minutes\" \/>\n<script type=\"application\/ld+json\" class=\"yoast-schema-graph\">{\"@context\":\"https:\/\/schema.org\",\"@graph\":[{\"@type\":\"WebPage\",\"@id\":\"https:\/\/uphostel.com\/en\/cookie-policy\/\",\"url\":\"https:\/\/uphostel.com\/en\/cookie-policy\/\",\"name\":\"COOKIE POLICY | UpHostel\",\"isPartOf\":{\"@id\":\"https:\/\/uphostel.com\/#website\"},\"datePublished\":\"2025-11-05T11:53:36+00:00\",\"dateModified\":\"2025-11-05T11:55:30+00:00\",\"breadcrumb\":{\"@id\":\"https:\/\/uphostel.com\/en\/cookie-policy\/#breadcrumb\"},\"inLanguage\":\"en-GB\",\"potentialAction\":[{\"@type\":\"ReadAction\",\"target\":[\"https:\/\/uphostel.com\/en\/cookie-policy\/\"]}]},{\"@type\":\"BreadcrumbList\",\"@id\":\"https:\/\/uphostel.com\/en\/cookie-policy\/#breadcrumb\",\"itemListElement\":[{\"@type\":\"ListItem\",\"position\":1,\"name\":\"Portada\",\"item\":\"https:\/\/uphostel.com\/en\/\"},{\"@type\":\"ListItem\",\"position\":2,\"name\":\"COOKIE POLICY\"}]},{\"@type\":\"WebSite\",\"@id\":\"https:\/\/uphostel.com\/#website\",\"url\":\"https:\/\/uphostel.com\/\",\"name\":\"Up Hostel Valencia\",\"description\":\"Vive Valencia al m\u00e1ximo en UP! Hostel, un youth hostel en Valencia con la mejor ubicaci\u00f3n, ambiente \u00fanico y todas las comodidades para viajeros.\",\"publisher\":{\"@id\":\"https:\/\/uphostel.com\/#organization\"},\"alternateName\":\"Up Hostel\",\"potentialAction\":[{\"@type\":\"SearchAction\",\"target\":{\"@type\":\"EntryPoint\",\"urlTemplate\":\"https:\/\/uphostel.com\/?s={search_term_string}\"},\"query-input\":{\"@type\":\"PropertyValueSpecification\",\"valueRequired\":true,\"valueName\":\"search_term_string\"}}],\"inLanguage\":\"en-GB\"},{\"@type\":\"Organization\",\"@id\":\"https:\/\/uphostel.com\/#organization\",\"name\":\"Up Hostel Valencia\",\"alternateName\":\"Up Hostel\",\"url\":\"https:\/\/uphostel.com\/\",\"logo\":{\"@type\":\"ImageObject\",\"inLanguage\":\"en-GB\",\"@id\":\"https:\/\/uphostel.com\/#\/schema\/logo\/image\/\",\"url\":\"https:\/\/uphostel.com\/wp-content\/uploads\/2025\/10\/logo-nav-bar.svg\",\"contentUrl\":\"https:\/\/uphostel.com\/wp-content\/uploads\/2025\/10\/logo-nav-bar.svg\",\"width\":1,\"height\":1,\"caption\":\"Up Hostel Valencia\"},\"image\":{\"@id\":\"https:\/\/uphostel.com\/#\/schema\/logo\/image\/\"}}]}<\/script>\n<!-- \/ Yoast SEO plugin. -->","yoast_head_json":{"title":"COOKIE POLICY | UpHostel","robots":{"index":"noindex","follow":"follow"},"og_locale":"en_GB","og_type":"article","og_title":"COOKIE POLICY | UpHostel","og_url":"https:\/\/uphostel.com\/en\/cookie-policy\/","og_site_name":"UpHostel","article_modified_time":"2025-11-05T11:55:30+00:00","og_image":[{"width":900,"height":544,"url":"https:\/\/uphostel.com\/wp-content\/uploads\/2025\/10\/habitacion-chicas.jpg","type":"image\/jpeg"}],"twitter_card":"summary_large_image","twitter_misc":{"Estimated reading time":"7 minutes"},"schema":{"@context":"https:\/\/schema.org","@graph":[{"@type":"WebPage","@id":"https:\/\/uphostel.com\/en\/cookie-policy\/","url":"https:\/\/uphostel.com\/en\/cookie-policy\/","name":"COOKIE POLICY | UpHostel","isPartOf":{"@id":"https:\/\/uphostel.com\/#website"},"datePublished":"2025-11-05T11:53:36+00:00","dateModified":"2025-11-05T11:55:30+00:00","breadcrumb":{"@id":"https:\/\/uphostel.com\/en\/cookie-policy\/#breadcrumb"},"inLanguage":"en-GB","potentialAction":[{"@type":"ReadAction","target":["https:\/\/uphostel.com\/en\/cookie-policy\/"]}]},{"@type":"BreadcrumbList","@id":"https:\/\/uphostel.com\/en\/cookie-policy\/#breadcrumb","itemListElement":[{"@type":"ListItem","position":1,"name":"Portada","item":"https:\/\/uphostel.com\/en\/"},{"@type":"ListItem","position":2,"name":"COOKIE POLICY"}]},{"@type":"WebSite","@id":"https:\/\/uphostel.com\/#website","url":"https:\/\/uphostel.com\/","name":"Up Hostel Valencia","description":"Vive Valencia al m\u00e1ximo en UP! Hostel, un youth hostel en Valencia con la mejor ubicaci\u00f3n, ambiente \u00fanico y todas las comodidades para viajeros.","publisher":{"@id":"https:\/\/uphostel.com\/#organization"},"alternateName":"Up Hostel","potentialAction":[{"@type":"SearchAction","target":{"@type":"EntryPoint","urlTemplate":"https:\/\/uphostel.com\/?s={search_term_string}"},"query-input":{"@type":"PropertyValueSpecification","valueRequired":true,"valueName":"search_term_string"}}],"inLanguage":"en-GB"},{"@type":"Organization","@id":"https:\/\/uphostel.com\/#organization","name":"Up Hostel Valencia","alternateName":"Up Hostel","url":"https:\/\/uphostel.com\/","logo":{"@type":"ImageObject","inLanguage":"en-GB","@id":"https:\/\/uphostel.com\/#\/schema\/logo\/image\/","url":"https:\/\/uphostel.com\/wp-content\/uploads\/2025\/10\/logo-nav-bar.svg","contentUrl":"https:\/\/uphostel.com\/wp-content\/uploads\/2025\/10\/logo-nav-bar.svg","width":1,"height":1,"caption":"Up Hostel Valencia"},"image":{"@id":"https:\/\/uphostel.com\/#\/schema\/logo\/image\/"}}]}},"_links":{"self":[{"href":"https:\/\/uphostel.com\/en\/wp-json\/wp\/v2\/pages\/1013","targetHints":{"allow":["GET"]}}],"collection":[{"href":"https:\/\/uphostel.com\/en\/wp-json\/wp\/v2\/pages"}],"about":[{"href":"https:\/\/uphostel.com\/en\/wp-json\/wp\/v2\/types\/page"}],"author":[{"embeddable":true,"href":"https:\/\/uphostel.com\/en\/wp-json\/wp\/v2\/users\/1"}],"replies":[{"embeddable":true,"href":"https:\/\/uphostel.com\/en\/wp-json\/wp\/v2\/comments?post=1013"}],"version-history":[{"count":2,"href":"https:\/\/uphostel.com\/en\/wp-json\/wp\/v2\/pages\/1013\/revisions"}],"predecessor-version":[{"id":1015,"href":"https:\/\/uphostel.com\/en\/wp-json\/wp\/v2\/pages\/1013\/revisions\/1015"}],"wp:attachment":[{"href":"https:\/\/uphostel.com\/en\/wp-json\/wp\/v2\/media?parent=1013"}],"curies":[{"name":"wp","href":"https:\/\/api.w.org\/{rel}","templated":true}]}}